{"id":707,"date":"2023-03-08T18:40:01","date_gmt":"2023-03-08T18:40:01","guid":{"rendered":"https:\/\/www.florecerskills.com\/?page_id=707"},"modified":"2026-04-01T22:01:06","modified_gmt":"2026-04-01T22:01:06","slug":"about-us","status":"publish","type":"page","link":"https:\/\/florecerskills.com\/esp\/about-us\/","title":{"rendered":"Nosotros"},"content":{"rendered":"<div data-elementor-type=\"wp-page\" data-elementor-id=\"707\" class=\"elementor elementor-707\" data-elementor-post-type=\"page\">\n\t\t\t\t\t\t<section class=\"elementor-section elementor-top-section elementor-element elementor-element-9f381d0 elementor-section-boxed elementor-section-height-default elementor-section-height-default\" data-id=\"9f381d0\" data-element_type=\"section\" data-e-type=\"section\" data-settings=\"{&quot;background_background&quot;:&quot;classic&quot;}\">\n\t\t\t\t\t\t<div class=\"elementor-container elementor-column-gap-default\">\n\t\t\t\t\t<div class=\"elementor-column elementor-col-100 elementor-top-column elementor-element elementor-element-fb07e63\" data-id=\"fb07e63\" data-element_type=\"column\" data-e-type=\"column\">\n\t\t\t<div class=\"elementor-widget-wrap elementor-element-populated\">\n\t\t\t\t\t\t<section class=\"elementor-section elementor-inner-section elementor-element elementor-element-d8c9e69 elementor-section-boxed elementor-section-height-default elementor-section-height-default\" data-id=\"d8c9e69\" data-element_type=\"section\" data-e-type=\"section\">\n\t\t\t\t\t\t<div class=\"elementor-container elementor-column-gap-default\">\n\t\t\t\t\t<div class=\"elementor-column elementor-col-100 elementor-inner-column elementor-element elementor-element-bd871e1\" data-id=\"bd871e1\" data-element_type=\"column\" data-e-type=\"column\">\n\t\t\t<div class=\"elementor-widget-wrap elementor-element-populated\">\n\t\t\t\t\t\t<div class=\"elementor-element elementor-element-a36bc84 elementor-widget elementor-widget-heading\" data-id=\"a36bc84\" data-element_type=\"widget\" data-e-type=\"widget\" data-widget_type=\"heading.default\">\n\t\t\t\t\t<h1 class=\"elementor-heading-title elementor-size-default\">Nosotros<\/h1>\t\t\t\t<\/div>\n\t\t\t\t\t<\/div>\n\t\t<\/div>\n\t\t\t\t\t<\/div>\n\t\t<\/section>\n\t\t\t\t\t<\/div>\n\t\t<\/div>\n\t\t\t\t\t<\/div>\n\t\t<\/section>\n\t\t\t\t<section class=\"elementor-section elementor-top-section elementor-element elementor-element-466d819 elementor-reverse-mobile elementor-section-boxed elementor-section-height-default elementor-section-height-default\" data-id=\"466d819\" data-element_type=\"section\" data-e-type=\"section\" data-settings=\"{&quot;background_background&quot;:&quot;classic&quot;}\">\n\t\t\t\t\t\t<div class=\"elementor-container elementor-column-gap-default\">\n\t\t\t\t\t<div class=\"elementor-column elementor-col-50 elementor-top-column elementor-element elementor-element-0a6b341\" data-id=\"0a6b341\" data-element_type=\"column\" data-e-type=\"column\">\n\t\t\t<div class=\"elementor-widget-wrap elementor-element-populated\">\n\t\t\t\t\t\t<div class=\"elementor-element elementor-element-6341a81 elementor-widget elementor-widget-heading\" data-id=\"6341a81\" data-element_type=\"widget\" data-e-type=\"widget\" data-widget_type=\"heading.default\">\n\t\t\t\t\t<h2 class=\"elementor-heading-title elementor-size-default\">Meet Our\nFounders<\/h2>\t\t\t\t<\/div>\n\t\t\t\t<div class=\"elementor-element elementor-element-a06d411 elementor-widget-divider--view-line elementor-widget elementor-widget-divider\" data-id=\"a06d411\" data-element_type=\"widget\" data-e-type=\"widget\" data-widget_type=\"divider.default\">\n\t\t\t\t\t\t\t<div class=\"elementor-divider\">\n\t\t\t<span class=\"elementor-divider-separator\">\n\t\t\t\t\t\t<\/span>\n\t\t<\/div>\n\t\t\t\t\t\t<\/div>\n\t\t\t\t<div class=\"elementor-element elementor-element-ff4c65f elementor-widget elementor-widget-text-editor\" data-id=\"ff4c65f\" data-element_type=\"widget\" data-e-type=\"widget\" data-widget_type=\"text-editor.default\">\n\t\t\t\t\t\t\t\t\t<p>Florecer es el resultado de la pasi\u00f3n y el cuidado demostrados por Juan Pablo Arenas y Carol Due\u00f1as en su apoyo a las personas con discapacidades intelectuales y del desarrollo.<\/p><p>Para Juan Pablo, todo comenz\u00f3 a temprana edad, cuando observaba a su madre, Beatriz Arenas, una psic\u00f3loga veterana con d\u00e9cadas de experiencia, trabajar con j\u00f3venes con necesidades especiales.<\/p><p>Para Carol, su deseo de ayudar a los dem\u00e1s fue inspirado en parte por sus a\u00f1os estudiando psicolog\u00eda en la Universidad de La Sabana, en Bogot\u00e1, Colombia.<\/p>\t\t\t\t\t\t\t\t<\/div>\n\t\t\t\t\t<\/div>\n\t\t<\/div>\n\t\t\t\t<div class=\"elementor-column elementor-col-50 elementor-top-column elementor-element elementor-element-f8339ec\" data-id=\"f8339ec\" data-element_type=\"column\" data-e-type=\"column\">\n\t\t\t<div class=\"elementor-widget-wrap elementor-element-populated\">\n\t\t\t\t\t\t<div class=\"elementor-element elementor-element-0427ee3 elementor-invisible elementor-widget elementor-widget-image\" data-id=\"0427ee3\" data-element_type=\"widget\" data-e-type=\"widget\" data-settings=\"{&quot;_animation&quot;:&quot;fadeInRight&quot;}\" data-widget_type=\"image.default\">\n\t\t\t\t\t\t\t\t\t\t\t\t\t\t\t<img fetchpriority=\"high\" decoding=\"async\" width=\"800\" height=\"513\" src=\"https:\/\/florecerskills.com\/wp-content\/uploads\/2026\/04\/FLOREC-28-1024x656.jpg\" class=\"attachment-large size-large wp-image-4432\" alt=\"\" srcset=\"https:\/\/florecerskills.com\/wp-content\/uploads\/2026\/04\/FLOREC-28-1024x656.jpg 1024w, https:\/\/florecerskills.com\/wp-content\/uploads\/2026\/04\/FLOREC-28-300x192.jpg 300w, https:\/\/florecerskills.com\/wp-content\/uploads\/2026\/04\/FLOREC-28-768x492.jpg 768w, https:\/\/florecerskills.com\/wp-content\/uploads\/2026\/04\/FLOREC-28-1536x984.jpg 1536w, https:\/\/florecerskills.com\/wp-content\/uploads\/2026\/04\/FLOREC-28-2048x1312.jpg 2048w, https:\/\/florecerskills.com\/wp-content\/uploads\/2026\/04\/FLOREC-28-18x12.jpg 18w\" sizes=\"(max-width: 800px) 100vw, 800px\" \/>\t\t\t\t\t\t\t\t\t\t\t\t\t\t\t<\/div>\n\t\t\t\t\t<\/div>\n\t\t<\/div>\n\t\t\t\t\t<\/div>\n\t\t<\/section>\n\t\t\t\t<section class=\"elementor-section elementor-top-section elementor-element elementor-element-2a95619 elementor-section-boxed elementor-section-height-default elementor-section-height-default\" data-id=\"2a95619\" data-element_type=\"section\" data-e-type=\"section\">\n\t\t\t\t\t\t<div class=\"elementor-container elementor-column-gap-default\">\n\t\t\t\t\t<div class=\"elementor-column elementor-col-50 elementor-top-column elementor-element elementor-element-5751f1d\" data-id=\"5751f1d\" data-element_type=\"column\" data-e-type=\"column\">\n\t\t\t<div class=\"elementor-widget-wrap elementor-element-populated\">\n\t\t\t\t\t\t<div class=\"elementor-element elementor-element-bb1e070 elementor-invisible elementor-widget elementor-widget-image\" data-id=\"bb1e070\" data-element_type=\"widget\" data-e-type=\"widget\" data-settings=\"{&quot;_animation&quot;:&quot;fadeInLeft&quot;}\" data-widget_type=\"image.default\">\n\t\t\t\t\t\t\t\t\t\t\t\t\t\t\t<img decoding=\"async\" width=\"800\" height=\"492\" src=\"https:\/\/florecerskills.com\/wp-content\/uploads\/2025\/09\/Carol-1024x630.jpg\" class=\"attachment-large size-large wp-image-3498\" alt=\"Carol\" srcset=\"https:\/\/florecerskills.com\/wp-content\/uploads\/2025\/09\/Carol-1024x630.jpg 1024w, https:\/\/florecerskills.com\/wp-content\/uploads\/2025\/09\/Carol-300x184.jpg 300w, https:\/\/florecerskills.com\/wp-content\/uploads\/2025\/09\/Carol-768x472.jpg 768w, https:\/\/florecerskills.com\/wp-content\/uploads\/2025\/09\/Carol-1536x944.jpg 1536w, https:\/\/florecerskills.com\/wp-content\/uploads\/2025\/09\/Carol-2048x1259.jpg 2048w, https:\/\/florecerskills.com\/wp-content\/uploads\/2025\/09\/Carol-18x12.jpg 18w, https:\/\/florecerskills.com\/wp-content\/uploads\/2025\/09\/Carol-scaled-e1758121576248.jpg 1500w\" sizes=\"(max-width: 800px) 100vw, 800px\" \/>\t\t\t\t\t\t\t\t\t\t\t\t\t\t\t<\/div>\n\t\t\t\t\t<\/div>\n\t\t<\/div>\n\t\t\t\t<div class=\"elementor-column elementor-col-50 elementor-top-column elementor-element elementor-element-a06a3d7\" data-id=\"a06a3d7\" data-element_type=\"column\" data-e-type=\"column\">\n\t\t\t<div class=\"elementor-widget-wrap elementor-element-populated\">\n\t\t\t\t\t\t<div class=\"elementor-element elementor-element-30be14b elementor-widget elementor-widget-heading\" data-id=\"30be14b\" data-element_type=\"widget\" data-e-type=\"widget\" data-widget_type=\"heading.default\">\n\t\t\t\t\t<h2 class=\"elementor-heading-title elementor-size-default\">Carol Due\u00f1as<\/h2>\t\t\t\t<\/div>\n\t\t\t\t<div class=\"elementor-element elementor-element-c727833 elementor-widget-divider--view-line elementor-widget elementor-widget-divider\" data-id=\"c727833\" data-element_type=\"widget\" data-e-type=\"widget\" data-widget_type=\"divider.default\">\n\t\t\t\t\t\t\t<div class=\"elementor-divider\">\n\t\t\t<span class=\"elementor-divider-separator\">\n\t\t\t\t\t\t<\/span>\n\t\t<\/div>\n\t\t\t\t\t\t<\/div>\n\t\t\t\t<div class=\"elementor-element elementor-element-cf72322 elementor-widget elementor-widget-text-editor\" data-id=\"cf72322\" data-element_type=\"widget\" data-e-type=\"widget\" data-widget_type=\"text-editor.default\">\n\t\t\t\t\t\t\t\t\t<p>Carol se gradu\u00f3 de la universidad con una tesis sobre competencia comunicativa para personas sordas, ciegas y ni\u00f1os con discapacidades m\u00faltiples. M\u00e1s adelante, comenz\u00f3 a trabajar en un hospital con pacientes tratados por su salud mental, desde ahi su vocacion al servicio se reafirm\u00f3 y se solidific\u00f3.<\/p><p>Cuando lleg\u00f3 a los Estados Unidos, obtuvo un certificado como coach de vida enfocado en nutrici\u00f3n y otro en bio-sanaci\u00f3n emocional, un conjunto vital de habilidades que emplea en su trabajo como copropietaria junto a Juan Pablo de Bright Colors &amp; Kind Beautiful Mind Adult Residential Care Facilities, instituciones que buscan mejorar la calidad de vida de los residentes con discapacidades f\u00edsicas, mentales y del desarrollo.<\/p>\t\t\t\t\t\t\t\t<\/div>\n\t\t\t\t\t<\/div>\n\t\t<\/div>\n\t\t\t\t\t<\/div>\n\t\t<\/section>\n\t\t\t\t<section class=\"elementor-section elementor-top-section elementor-element elementor-element-4f44102 elementor-section-boxed elementor-section-height-default elementor-section-height-default\" data-id=\"4f44102\" data-element_type=\"section\" data-e-type=\"section\">\n\t\t\t\t\t\t<div class=\"elementor-container elementor-column-gap-default\">\n\t\t\t\t\t<div class=\"elementor-column elementor-col-50 elementor-top-column elementor-element elementor-element-7b6497d\" data-id=\"7b6497d\" data-element_type=\"column\" data-e-type=\"column\">\n\t\t\t<div class=\"elementor-widget-wrap elementor-element-populated\">\n\t\t\t\t\t\t<div class=\"elementor-element elementor-element-bd496d1 elementor-widget elementor-widget-heading\" data-id=\"bd496d1\" data-element_type=\"widget\" data-e-type=\"widget\" data-widget_type=\"heading.default\">\n\t\t\t\t\t<h2 class=\"elementor-heading-title elementor-size-default\">Juan Pablo Arenas<\/h2>\t\t\t\t<\/div>\n\t\t\t\t<div class=\"elementor-element elementor-element-682d3f2 elementor-widget-divider--view-line elementor-widget elementor-widget-divider\" data-id=\"682d3f2\" data-element_type=\"widget\" data-e-type=\"widget\" data-widget_type=\"divider.default\">\n\t\t\t\t\t\t\t<div class=\"elementor-divider\">\n\t\t\t<span class=\"elementor-divider-separator\">\n\t\t\t\t\t\t<\/span>\n\t\t<\/div>\n\t\t\t\t\t\t<\/div>\n\t\t\t\t<div class=\"elementor-element elementor-element-036d782 elementor-widget elementor-widget-text-editor\" data-id=\"036d782\" data-element_type=\"widget\" data-e-type=\"widget\" data-widget_type=\"text-editor.default\">\n\t\t\t\t\t\t\t\t\t<p>Juan Pablo siempre ha sido un apasionado por el servicio a los dem\u00e1s; durante toda su carrera profesional se ha enfocado en ayudar a las personas a lograr una mejor calidad de vida.<\/p><p>Como propietario y administrador de dos instalaciones de nivel 4i, \u00e9l y su equipo han ganado una valiosa experiencia brindando cuidado, apoyo y asistencia a personas con discapacidades intelectuales y del desarrollo.<\/p><p>En este punto de su carrera, es reconocido por implementar estrategias eficientes en las \u00e1reas de nutrici\u00f3n, educaci\u00f3n, salud y bienestar, e integraci\u00f3n comunitaria.<\/p>\t\t\t\t\t\t\t\t<\/div>\n\t\t\t\t\t<\/div>\n\t\t<\/div>\n\t\t\t\t<div class=\"elementor-column elementor-col-50 elementor-top-column elementor-element elementor-element-48cd8e0\" data-id=\"48cd8e0\" data-element_type=\"column\" data-e-type=\"column\">\n\t\t\t<div class=\"elementor-widget-wrap elementor-element-populated\">\n\t\t\t\t\t\t<div class=\"elementor-element elementor-element-5cb7c5c elementor-invisible elementor-widget elementor-widget-image\" data-id=\"5cb7c5c\" data-element_type=\"widget\" data-e-type=\"widget\" data-settings=\"{&quot;_animation&quot;:&quot;fadeInRight&quot;}\" data-widget_type=\"image.default\">\n\t\t\t\t\t\t\t\t\t\t\t\t\t\t\t<img decoding=\"async\" width=\"800\" height=\"450\" src=\"https:\/\/florecerskills.com\/wp-content\/uploads\/2025\/09\/Juan-1024x576.jpg\" class=\"attachment-large size-large wp-image-3499\" alt=\"Juan Pablo Arenas\" srcset=\"https:\/\/florecerskills.com\/wp-content\/uploads\/2025\/09\/Juan-1024x576.jpg 1024w, https:\/\/florecerskills.com\/wp-content\/uploads\/2025\/09\/Juan-300x169.jpg 300w, https:\/\/florecerskills.com\/wp-content\/uploads\/2025\/09\/Juan-768x432.jpg 768w, https:\/\/florecerskills.com\/wp-content\/uploads\/2025\/09\/Juan-1536x864.jpg 1536w, https:\/\/florecerskills.com\/wp-content\/uploads\/2025\/09\/Juan-2048x1152.jpg 2048w, https:\/\/florecerskills.com\/wp-content\/uploads\/2025\/09\/Juan-18x10.jpg 18w, https:\/\/florecerskills.com\/wp-content\/uploads\/2025\/09\/Juan-scaled-e1758121737872.jpg 1500w\" sizes=\"(max-width: 800px) 100vw, 800px\" \/>\t\t\t\t\t\t\t\t\t\t\t\t\t\t\t<\/div>\n\t\t\t\t\t<\/div>\n\t\t<\/div>\n\t\t\t\t\t<\/div>\n\t\t<\/section>\n\t\t\t\t<section class=\"elementor-section elementor-top-section elementor-element elementor-element-7ecf579 elementor-section-boxed elementor-section-height-default elementor-section-height-default\" data-id=\"7ecf579\" data-element_type=\"section\" data-e-type=\"section\">\n\t\t\t\t\t\t<div class=\"elementor-container elementor-column-gap-default\">\n\t\t\t\t\t<div class=\"elementor-column elementor-col-16 elementor-top-column elementor-element elementor-element-be9f010\" data-id=\"be9f010\" data-element_type=\"column\" data-e-type=\"column\">\n\t\t\t<div class=\"elementor-widget-wrap\">\n\t\t\t\t\t\t\t<\/div>\n\t\t<\/div>\n\t\t\t\t<div class=\"elementor-column elementor-col-66 elementor-top-column elementor-element elementor-element-63bdcc0\" data-id=\"63bdcc0\" data-element_type=\"column\" data-e-type=\"column\">\n\t\t\t<div class=\"elementor-widget-wrap elementor-element-populated\">\n\t\t\t\t\t\t<div class=\"elementor-element elementor-element-9984c14 elementor-widget elementor-widget-heading\" data-id=\"9984c14\" data-element_type=\"widget\" data-e-type=\"widget\" data-widget_type=\"heading.default\">\n\t\t\t\t\t<h1 class=\"elementor-heading-title elementor-size-default\">Nuestras Creencias<\/h1>\t\t\t\t<\/div>\n\t\t\t\t<div class=\"elementor-element elementor-element-69747ae elementor-widget-divider--view-line elementor-widget elementor-widget-divider\" data-id=\"69747ae\" data-element_type=\"widget\" data-e-type=\"widget\" data-widget_type=\"divider.default\">\n\t\t\t\t\t\t\t<div class=\"elementor-divider\">\n\t\t\t<span class=\"elementor-divider-separator\">\n\t\t\t\t\t\t<\/span>\n\t\t<\/div>\n\t\t\t\t\t\t<\/div>\n\t\t\t\t<div class=\"elementor-element elementor-element-f6ad9df elementor-widget elementor-widget-text-editor\" data-id=\"f6ad9df\" data-element_type=\"widget\" data-e-type=\"widget\" data-widget_type=\"text-editor.default\">\n\t\t\t\t\t\t\t\t\t<p>Creemos que cada uno de nosotros necesita un sentido de dignidad, orgullo y satisfacci\u00f3n en lo que hacemos. Dado que asegurar un enfoque hol\u00edstico para servir a nuestros clientes depende de los esfuerzos unidos de varias personas, somos m\u00e1s efectivos cuando trabajamos juntos cooperativamente, respetando la contribuci\u00f3n e importancia de cada individuo.\n\nComo copropietarios de las Adult Residential Facilities Bright Colors &amp; Kind Beautiful Mind, Juan Pablo y Carol se dieron cuenta del inmenso vac\u00edo existente para ayudar a los miembros de la sociedad a encontrar herramientas y capacitaci\u00f3n para poder vivir de manera independiente.<\/p><p>Es por eso que, en 2022, decidieron crear su propia empresa de servicios de Independent and Supported living services para ni\u00f1os, j\u00f3venes y adultos.<\/p>\t\t\t\t\t\t\t\t<\/div>\n\t\t\t\t\t<\/div>\n\t\t<\/div>\n\t\t\t\t<div class=\"elementor-column elementor-col-16 elementor-top-column elementor-element elementor-element-883cc1c\" data-id=\"883cc1c\" data-element_type=\"column\" data-e-type=\"column\">\n\t\t\t<div class=\"elementor-widget-wrap\">\n\t\t\t\t\t\t\t<\/div>\n\t\t<\/div>\n\t\t\t\t\t<\/div>\n\t\t<\/section>\n\t\t\t\t<section class=\"elementor-section elementor-top-section elementor-element elementor-element-0f65aa6 elementor-section-boxed elementor-section-height-default elementor-section-height-default\" data-id=\"0f65aa6\" data-element_type=\"section\" data-e-type=\"section\">\n\t\t\t\t\t\t<div class=\"elementor-container elementor-column-gap-default\">\n\t\t\t\t\t<div class=\"elementor-column elementor-col-100 elementor-top-column elementor-element elementor-element-1a63651\" data-id=\"1a63651\" data-element_type=\"column\" data-e-type=\"column\">\n\t\t\t<div class=\"elementor-widget-wrap elementor-element-populated\">\n\t\t\t\t\t\t<div class=\"elementor-element elementor-element-d6c6270 elementor-invisible elementor-widget elementor-widget-image\" data-id=\"d6c6270\" data-element_type=\"widget\" data-e-type=\"widget\" data-settings=\"{&quot;_animation&quot;:&quot;fadeInDown&quot;}\" data-widget_type=\"image.default\">\n\t\t\t\t\t\t\t\t\t\t\t\t\t\t\t<img loading=\"lazy\" decoding=\"async\" width=\"2560\" height=\"1326\" src=\"https:\/\/florecerskills.com\/wp-content\/uploads\/2026\/04\/FLOREC-10-scaled.jpg\" class=\"attachment-full size-full wp-image-4431\" alt=\"\" srcset=\"https:\/\/florecerskills.com\/wp-content\/uploads\/2026\/04\/FLOREC-10-scaled.jpg 2560w, https:\/\/florecerskills.com\/wp-content\/uploads\/2026\/04\/FLOREC-10-300x155.jpg 300w, https:\/\/florecerskills.com\/wp-content\/uploads\/2026\/04\/FLOREC-10-1024x530.jpg 1024w, https:\/\/florecerskills.com\/wp-content\/uploads\/2026\/04\/FLOREC-10-768x398.jpg 768w, https:\/\/florecerskills.com\/wp-content\/uploads\/2026\/04\/FLOREC-10-1536x796.jpg 1536w, https:\/\/florecerskills.com\/wp-content\/uploads\/2026\/04\/FLOREC-10-2048x1061.jpg 2048w, https:\/\/florecerskills.com\/wp-content\/uploads\/2026\/04\/FLOREC-10-18x9.jpg 18w\" sizes=\"(max-width: 2560px) 100vw, 2560px\" \/>\t\t\t\t\t\t\t\t\t\t\t\t\t\t\t<\/div>\n\t\t\t\t\t<\/div>\n\t\t<\/div>\n\t\t\t\t\t<\/div>\n\t\t<\/section>\n\t\t\t\t<section class=\"elementor-section elementor-top-section elementor-element elementor-element-fe2fedd elementor-section-boxed elementor-section-height-default elementor-section-height-default\" data-id=\"fe2fedd\" data-element_type=\"section\" data-e-type=\"section\" data-settings=\"{&quot;background_background&quot;:&quot;classic&quot;}\">\n\t\t\t\t\t\t<div class=\"elementor-container elementor-column-gap-default\">\n\t\t\t\t\t<div class=\"elementor-column elementor-col-33 elementor-top-column elementor-element elementor-element-7b816bc\" data-id=\"7b816bc\" data-element_type=\"column\" data-e-type=\"column\">\n\t\t\t<div class=\"elementor-widget-wrap elementor-element-populated\">\n\t\t\t\t\t\t<div class=\"elementor-element elementor-element-c505bb4 elementor-widget elementor-widget-heading\" data-id=\"c505bb4\" data-element_type=\"widget\" data-e-type=\"widget\" data-widget_type=\"heading.default\">\n\t\t\t\t\t<h2 class=\"elementor-heading-title elementor-size-default\">\u00bfINQUIETUDES?<\/h2>\t\t\t\t<\/div>\n\t\t\t\t\t<\/div>\n\t\t<\/div>\n\t\t\t\t<div class=\"elementor-column elementor-col-33 elementor-top-column elementor-element elementor-element-03f39fa\" data-id=\"03f39fa\" data-element_type=\"column\" data-e-type=\"column\">\n\t\t\t<div class=\"elementor-widget-wrap elementor-element-populated\">\n\t\t\t\t\t\t<div class=\"elementor-element elementor-element-a6726a1 elementor-widget elementor-widget-heading\" data-id=\"a6726a1\" data-element_type=\"widget\" data-e-type=\"widget\" data-widget_type=\"heading.default\">\n\t\t\t\t\t<h5 class=\"elementor-heading-title elementor-size-default\">Descubre m\u00e1s sobre nosotros.<\/h5>\t\t\t\t<\/div>\n\t\t\t\t\t<\/div>\n\t\t<\/div>\n\t\t\t\t<div class=\"elementor-column elementor-col-33 elementor-top-column elementor-element elementor-element-3fde124\" data-id=\"3fde124\" data-element_type=\"column\" data-e-type=\"column\">\n\t\t\t<div class=\"elementor-widget-wrap elementor-element-populated\">\n\t\t\t\t\t\t<div class=\"elementor-element elementor-element-591d525 elementor-mobile-align-center elementor-widget elementor-widget-button\" data-id=\"591d525\" data-element_type=\"widget\" data-e-type=\"widget\" data-widget_type=\"button.default\">\n\t\t\t\t\t\t\t\t\t\t<a class=\"elementor-button elementor-button-link elementor-size-sm\" href=\"https:\/\/florecerskills.com\/esp\/contact-us\/\">\n\t\t\t\t\t\t<span class=\"elementor-button-content-wrapper\">\n\t\t\t\t\t\t\t\t\t<span class=\"elementor-button-text\">\u00a1CONT\u00c1CTANOS!<\/span>\n\t\t\t\t\t<\/span>\n\t\t\t\t\t<\/a>\n\t\t\t\t\t\t\t\t<\/div>\n\t\t\t\t\t<\/div>\n\t\t<\/div>\n\t\t\t\t\t<\/div>\n\t\t<\/section>\n\t\t\t\t<\/div>","protected":false},"excerpt":{"rendered":"<p>About Us Meet Our Founders Florecer is the result of the passion and care demonstrated by Juan Pablo Arenas and Carol Due\u00f1as in their support of people with intellectual and developmental disabilities. For Juan Pablo, it started at a young age, when he observed his mother, Beatriz Arenas, a veteran psychologist with decades of experience, [&hellip;]<\/p>\n","protected":false},"author":6,"featured_media":0,"parent":0,"menu_order":0,"comment_status":"closed","ping_status":"closed","template":"","meta":{"_acf_changed":false,"footnotes":""},"class_list":["post-707","page","type-page","status-publish","hentry"],"acf":[],"_links":{"self":[{"href":"https:\/\/florecerskills.com\/esp\/wp-json\/wp\/v2\/pages\/707","targetHints":{"allow":["GET"]}}],"collection":[{"href":"https:\/\/florecerskills.com\/esp\/wp-json\/wp\/v2\/pages"}],"about":[{"href":"https:\/\/florecerskills.com\/esp\/wp-json\/wp\/v2\/types\/page"}],"author":[{"embeddable":true,"href":"https:\/\/florecerskills.com\/esp\/wp-json\/wp\/v2\/users\/6"}],"replies":[{"embeddable":true,"href":"https:\/\/florecerskills.com\/esp\/wp-json\/wp\/v2\/comments?post=707"}],"version-history":[{"count":146,"href":"https:\/\/florecerskills.com\/esp\/wp-json\/wp\/v2\/pages\/707\/revisions"}],"predecessor-version":[{"id":4435,"href":"https:\/\/florecerskills.com\/esp\/wp-json\/wp\/v2\/pages\/707\/revisions\/4435"}],"wp:attachment":[{"href":"https:\/\/florecerskills.com\/esp\/wp-json\/wp\/v2\/media?parent=707"}],"curies":[{"name":"wp","href":"https:\/\/api.w.org\/{rel}","templated":true}]}}